{"id":23,"date":"2023-08-17T19:28:59","date_gmt":"2023-08-17T17:28:59","guid":{"rendered":"https:\/\/holisticam.pl\/?page_id=23"},"modified":"2024-04-24T08:42:38","modified_gmt":"2024-04-24T06:42:38","slug":"gabinet-1d","status":"publish","type":"page","link":"https:\/\/holisticagroup.com.pl\/index.php\/gabinet-1d\/","title":{"rendered":"Gabinet 1D"},"content":{"rendered":"\n<p><\/p>\n\n\n<div class=\"wp-block-image\">\n<figure class=\"aligncenter size-full\"><a href=\"https:\/\/www.facebook.com\/profile.php?id=100095738583342\"><img loading=\"lazy\" decoding=\"async\" width=\"407\" height=\"415\" src=\"https:\/\/holisticagroup.pl\/wp-content\/uploads\/2024\/02\/logo_333.png\" alt=\"\" class=\"wp-image-469\" srcset=\"https:\/\/holisticagroup.com.pl\/wp-content\/uploads\/2024\/02\/logo_333.png 407w, https:\/\/holisticagroup.com.pl\/wp-content\/uploads\/2024\/02\/logo_333-294x300.png 294w, https:\/\/holisticagroup.com.pl\/wp-content\/uploads\/2024\/02\/logo_333-59x60.png 59w\" sizes=\"auto, (max-width: 407px) 100vw, 407px\" \/><\/a><\/figure>\n<\/div>\n\n\n<p class=\"has-background has-medium-font-size\" style=\"background-color:#e7a730e8\"><strong>CZU\u0141Y DOTYK-KU SOBIE<\/strong><br><strong>LOMI LOMI NUI<\/strong><\/p>\n\n\n\n<p class=\"has-background\" style=\"background-color:#e7a730e8\"><strong>KONTAKT:<br>501 524 049<\/strong><br><a href=\"https:\/\/lomitarnow.pl\/\">https:\/\/lomitarnow.pl\/<\/a><strong><br><a href=\"https:\/\/www.facebook.com\/profile.php?id=100095738583342\" data-type=\"link\" data-id=\"https:\/\/www.facebook.com\/profile.php?id=100095738583342\">FB<\/a><\/strong><\/p>\n\n\n\n<figure class=\"wp-block-image size-large\"><img loading=\"lazy\" decoding=\"async\" width=\"1024\" height=\"682\" src=\"https:\/\/holisticagroup.pl\/wp-content\/uploads\/2024\/01\/MEZ_5667-1-1024x682.jpg\" alt=\"\" class=\"wp-image-140\" srcset=\"https:\/\/holisticagroup.com.pl\/wp-content\/uploads\/2024\/01\/MEZ_5667-1-1024x682.jpg 1024w, https:\/\/holisticagroup.com.pl\/wp-content\/uploads\/2024\/01\/MEZ_5667-1-300x200.jpg 300w, https:\/\/holisticagroup.com.pl\/wp-content\/uploads\/2024\/01\/MEZ_5667-1-768x511.jpg 768w, https:\/\/holisticagroup.com.pl\/wp-content\/uploads\/2024\/01\/MEZ_5667-1-1536x1022.jpg 1536w, https:\/\/holisticagroup.com.pl\/wp-content\/uploads\/2024\/01\/MEZ_5667-1-2048x1363.jpg 2048w, https:\/\/holisticagroup.com.pl\/wp-content\/uploads\/2024\/01\/MEZ_5667-1-90x60.jpg 90w, https:\/\/holisticagroup.com.pl\/wp-content\/uploads\/2024\/01\/MEZ_5667-1-370x247.jpg 370w, https:\/\/holisticagroup.com.pl\/wp-content\/uploads\/2024\/01\/MEZ_5667-1-776x517.jpg 776w\" sizes=\"auto, (max-width: 1024px) 100vw, 1024px\" \/><\/figure>\n\n\n\n<p><\/p>\n\n\n\n<p>Aloha mam na imi\u0119 Magda,<br>z wykszta\u0142cenia jestem pedagogiem, wieloletnia praca z lud\u017ami i do\u015bwiadczenia \u017cyciowe spowodowa\u0142y wiele zmian w moim \u017cyciu tak\u017ce \u015bcie\u017cki zawodowej.<\/p>\n\n\n\n<p>Masa\u017c Lomi Lomi Nui zaw\u0142adn\u0105\u0142 moim \u017cyciem, zafascynowa\u0142 mnie i sprawi\u0142, \u017ce codzienno\u015b\u0107 nabiera kolor\u00f3w.<br>Pozw\u00f3l, \u017ce opowiem Ci kilka s\u0142\u00f3w czym jest Lomi Lomi. To metoda pracy z cia\u0142em, forma g\u0142\u0119bokiego uzdrawiaj\u0105cego dotyku.<\/p>\n\n\n\n<p>Praktyka ta wywodzi si\u0119 z Hawaj\u00f3w, za\u015b w Polsce najcz\u0119stsz\u0105 form\u0105 jest masa\u017c \u015bwi\u0105tynny Lomi Lomi Nui <br>( Lomi to ugniata\u0107, Nui to wyj\u0105tkowy).<br>Masa\u017c obejmuje ca\u0142e cia\u0142o, porusza miejsca, kt\u00f3re nagromadzi\u0142y napi\u0119cia czy to z dnia codziennego, czy g\u0142\u0119bsze wspomnienia, kt\u00f3rym towarzyszy\u0142y emocje i uwi\u0119zi\u0142y je w ciele.<\/p>\n\n\n\n<p>Moj\u0105 rola podczas zabiegu jest p\u0142ynne poruszanie si\u0119 wok\u00f3\u0142 cia\u0142a, cz\u0119sto tanecznym krokiem co pomaga cia\u0142u poczu\u0107 si\u0119 komfortowo, bezpiecznie, a tym samym wej\u015b\u0107 w g\u0142\u0119boki relaks.<br>Lomi to praktyka daj\u0105ca przestrze\u0144 akceptacji, wolno\u015bci, mi\u0142o\u015bci.<\/p>\n\n\n\n<p>Dla mnie jest to wyj\u0105tkowe spotkanie i poznanie wielowymiarowej istoty w ciele, poprzez oddzia\u0142ywanie na cia\u0142o czu\u0142ym, mi\u0119kkim i ciep\u0142ym dotykiem pomagam wraca\u0107 do siebie. Harmonizuj\u0119 przep\u0142yw energii, mi\u0119dzy cia\u0142em, umys\u0142em i dusz\u0105, aby zoptymalizowa\u0107 warunki do uruchomienia proces\u00f3w samoleczenia cz\u0142owieka.<\/p>\n\n\n\n<p>Masa\u017c to czas poznawania siebie bardziej, g\u0142\u0119biej, zwr\u00f3cenie si\u0119 ku w\u0142asnej istocie i wkraczanie w swoja moc. Praktyka jest bardzo pomocna w trudnych sytuacjach , \u017cyciowych, w momentach zatrzymania czy zastanowienia, u\u0142atwia podj\u0119cie decyzji, nadaje ruch tam gdzie bezruch i zast\u00f3j.<br>Poprzez prace z cia\u0142em podnosi si\u0119 poziom energii, transformuj\u0105 si\u0119 struktury energetyczne a w rezultacie poprawia si\u0119 nasze \u017cycie.<\/p>\n\n\n\n<p>Zapraszam Ci\u0119 na do\u015bwiadczanie siebie, na chwil\u0119 przyjemno\u015bci, kt\u00f3re mo\u017ce sta\u0107 si\u0119 krokiem ku Sobie, je\u015bli tylko tego zechcesz.<br>Z czu\u0142o\u015bci\u0105 Magda<\/p>\n","protected":false},"excerpt":{"rendered":"<p>CZU\u0141Y DOTYK-KU SOBIELOMI LOMI NUI KONTAKT:501 524 049https:\/\/lomitarnow.pl\/FB Aloha mam na imi\u0119 Magda,z wykszta\u0142cenia jestem pedagogiem, wieloletnia praca z lud\u017ami i do\u015bwiadczenia \u017cyciowe spowodowa\u0142y wiele zmian w moim \u017cyciu tak\u017ce &hellip; <\/p>\n","protected":false},"author":2,"featured_media":0,"parent":0,"menu_order":0,"comment_status":"closed","ping_status":"closed","template":"","meta":{"footnotes":""},"class_list":["post-23","page","type-page","status-publish","hentry"],"_links":{"self":[{"href":"https:\/\/holisticagroup.com.pl\/index.php\/wp-json\/wp\/v2\/pages\/23","targetHints":{"allow":["GET"]}}],"collection":[{"href":"https:\/\/holisticagroup.com.pl\/index.php\/wp-json\/wp\/v2\/pages"}],"about":[{"href":"https:\/\/holisticagroup.com.pl\/index.php\/wp-json\/wp\/v2\/types\/page"}],"author":[{"embeddable":true,"href":"https:\/\/holisticagroup.com.pl\/index.php\/wp-json\/wp\/v2\/users\/2"}],"replies":[{"embeddable":true,"href":"https:\/\/holisticagroup.com.pl\/index.php\/wp-json\/wp\/v2\/comments?post=23"}],"version-history":[{"count":16,"href":"https:\/\/holisticagroup.com.pl\/index.php\/wp-json\/wp\/v2\/pages\/23\/revisions"}],"predecessor-version":[{"id":482,"href":"https:\/\/holisticagroup.com.pl\/index.php\/wp-json\/wp\/v2\/pages\/23\/revisions\/482"}],"wp:attachment":[{"href":"https:\/\/holisticagroup.com.pl\/index.php\/wp-json\/wp\/v2\/media?parent=23"}],"curies":[{"name":"wp","href":"https:\/\/api.w.org\/{rel}","templated":true}]}}