{"id":25,"date":"2023-08-17T19:30:15","date_gmt":"2023-08-17T17:30:15","guid":{"rendered":"https:\/\/holisticam.pl\/?page_id=25"},"modified":"2024-02-02T10:01:05","modified_gmt":"2024-02-02T09:01:05","slug":"gabinet-1c","status":"publish","type":"page","link":"https:\/\/holisticagroup.com.pl\/index.php\/gabinet-1c\/","title":{"rendered":"Gabinet 1C"},"content":{"rendered":"\n<p><\/p>\n\n\n\n<p class=\"has-background has-medium-font-size\" style=\"background-color:#e7a730e8\"><strong>GABINET ZMYS\u0141<br>Zofia Mordawska-Majka<\/strong><\/p>\n\n\n\n<p class=\"has-background\" style=\"background-color:#e7a730e8\"><strong>KONTAKT:<\/strong><br><strong>503 358 070<\/strong><br><strong><a href=\"http:\/\/www.gabinetzmys\u0142.pl\" data-type=\"link\" data-id=\"www.gabinetzmys\u0142.pl\">www.gabinetzmys\u0142.pl<\/a><\/strong><br><strong><a href=\"https:\/\/www.instagram.com\/gabinetzmysl\">Instagram<\/a><\/strong><\/p>\n\n\n\n<p><\/p>\n\n\n\n<figure class=\"wp-block-image size-large is-resized\"><img loading=\"lazy\" decoding=\"async\" width=\"741\" height=\"1024\" src=\"https:\/\/holisticagroup.pl\/wp-content\/uploads\/2024\/01\/MEZ_5437-1-1-741x1024.jpg\" alt=\"\" class=\"wp-image-136\" style=\"width:840px;height:auto\" srcset=\"https:\/\/holisticagroup.com.pl\/wp-content\/uploads\/2024\/01\/MEZ_5437-1-1-741x1024.jpg 741w, https:\/\/holisticagroup.com.pl\/wp-content\/uploads\/2024\/01\/MEZ_5437-1-1-217x300.jpg 217w, https:\/\/holisticagroup.com.pl\/wp-content\/uploads\/2024\/01\/MEZ_5437-1-1-768x1061.jpg 768w, https:\/\/holisticagroup.com.pl\/wp-content\/uploads\/2024\/01\/MEZ_5437-1-1-1112x1536.jpg 1112w, https:\/\/holisticagroup.com.pl\/wp-content\/uploads\/2024\/01\/MEZ_5437-1-1-1482x2048.jpg 1482w, https:\/\/holisticagroup.com.pl\/wp-content\/uploads\/2024\/01\/MEZ_5437-1-1-43x60.jpg 43w, https:\/\/holisticagroup.com.pl\/wp-content\/uploads\/2024\/01\/MEZ_5437-1-1-scaled.jpg 1853w\" sizes=\"auto, (max-width: 741px) 100vw, 741px\" \/><\/figure>\n\n\n\n<p>Nazywam si\u0119 Zofia Mordawska-Majka i od kilku lat prowadz\u0119 Gabinet Zmys\u0142.<br>Moj\u0105 pasj\u0105 jest praca z lud\u017ami i pomoc w zakresie wielu dolegliwo\u015bci zwi\u0105zanych z cia\u0142em i emocjami. Zajmuj\u0119 si\u0119 masa\u017cami, aromaterapi\u0105 i diagnostyk\u0105 cia\u0142a.<br>Wykorzystuj\u0119 do tego elementy litoterapii (w\u0142a\u015bciwo\u015bci minera\u0142\u00f3w), medycyny chi\u0144skiej i germa\u0144skiej, w\u0142a\u015bciwo\u015bci olejk\u00f3w terapeutycznych i energii cia\u0142a.<\/p>\n\n\n\n<p><\/p>\n\n\n\n<p>Pozdrawiam<br>Zosia<\/p>\n","protected":false},"excerpt":{"rendered":"<p>GABINET ZMYS\u0141Zofia Mordawska-Majka KONTAKT:503 358 070www.gabinetzmys\u0142.plInstagram Nazywam si\u0119 Zofia Mordawska-Majka i od kilku lat prowadz\u0119 Gabinet Zmys\u0142.Moj\u0105 pasj\u0105 jest praca z lud\u017ami i pomoc w zakresie wielu dolegliwo\u015bci zwi\u0105zanych z &hellip; <\/p>\n","protected":false},"author":2,"featured_media":0,"parent":0,"menu_order":0,"comment_status":"closed","ping_status":"closed","template":"","meta":{"footnotes":""},"class_list":["post-25","page","type-page","status-publish","hentry"],"_links":{"self":[{"href":"https:\/\/holisticagroup.com.pl\/index.php\/wp-json\/wp\/v2\/pages\/25","targetHints":{"allow":["GET"]}}],"collection":[{"href":"https:\/\/holisticagroup.com.pl\/index.php\/wp-json\/wp\/v2\/pages"}],"about":[{"href":"https:\/\/holisticagroup.com.pl\/index.php\/wp-json\/wp\/v2\/types\/page"}],"author":[{"embeddable":true,"href":"https:\/\/holisticagroup.com.pl\/index.php\/wp-json\/wp\/v2\/users\/2"}],"replies":[{"embeddable":true,"href":"https:\/\/holisticagroup.com.pl\/index.php\/wp-json\/wp\/v2\/comments?post=25"}],"version-history":[{"count":15,"href":"https:\/\/holisticagroup.com.pl\/index.php\/wp-json\/wp\/v2\/pages\/25\/revisions"}],"predecessor-version":[{"id":405,"href":"https:\/\/holisticagroup.com.pl\/index.php\/wp-json\/wp\/v2\/pages\/25\/revisions\/405"}],"wp:attachment":[{"href":"https:\/\/holisticagroup.com.pl\/index.php\/wp-json\/wp\/v2\/media?parent=25"}],"curies":[{"name":"wp","href":"https:\/\/api.w.org\/{rel}","templated":true}]}}