{"id":29,"date":"2023-08-17T19:49:47","date_gmt":"2023-08-17T17:49:47","guid":{"rendered":"https:\/\/holisticam.pl\/?page_id=29"},"modified":"2024-02-02T09:31:55","modified_gmt":"2024-02-02T08:31:55","slug":"gabinet-1b","status":"publish","type":"page","link":"https:\/\/holisticagroup.com.pl\/index.php\/gabinet-1b\/","title":{"rendered":"Gabinet 1B"},"content":{"rendered":"\n<p class=\"has-background has-medium-font-size\" style=\"background-color:#e7a730e8\"><strong>OD NOWA <\/strong><br><strong>Paulina Nowak<\/strong><\/p>\n\n\n\n<p class=\"has-background\" style=\"background-color:#e7a730e8\"><strong>KONTAKT:<br>798 149 147<\/strong><br><strong><a href=\"https:\/\/www.facebook.com\/profile.php?id=61553233421478\">FB<\/a><br><a href=\"https:\/\/www.instagram.com\/paulinanowakodnowa?igsh=MTJ0bTk0N3FndjVjOA%3D%3D\" data-type=\"link\" data-id=\"https:\/\/www.instagram.com\/paulinanowakodnowa?igsh=MTJ0bTk0N3FndjVjOA%3D%3D\">Instagram<\/a><\/strong><\/p>\n\n\n\n<figure class=\"wp-block-image size-large\"><img loading=\"lazy\" decoding=\"async\" width=\"682\" height=\"1024\" src=\"https:\/\/holisticagroup.pl\/wp-content\/uploads\/2024\/01\/406321202_325803427050640_8577526069999502152_n-682x1024.jpg\" alt=\"\" class=\"wp-image-131\" srcset=\"https:\/\/holisticagroup.com.pl\/wp-content\/uploads\/2024\/01\/406321202_325803427050640_8577526069999502152_n-682x1024.jpg 682w, https:\/\/holisticagroup.com.pl\/wp-content\/uploads\/2024\/01\/406321202_325803427050640_8577526069999502152_n-200x300.jpg 200w, https:\/\/holisticagroup.com.pl\/wp-content\/uploads\/2024\/01\/406321202_325803427050640_8577526069999502152_n-768x1154.jpg 768w, https:\/\/holisticagroup.com.pl\/wp-content\/uploads\/2024\/01\/406321202_325803427050640_8577526069999502152_n-1022x1536.jpg 1022w, https:\/\/holisticagroup.com.pl\/wp-content\/uploads\/2024\/01\/406321202_325803427050640_8577526069999502152_n-40x60.jpg 40w, https:\/\/holisticagroup.com.pl\/wp-content\/uploads\/2024\/01\/406321202_325803427050640_8577526069999502152_n.jpg 1240w\" sizes=\"auto, (max-width: 682px) 100vw, 682px\" \/><\/figure>\n\n\n\n<p>Fizjoterapeutka uroginekologiczna i pediatryczna.<br>Pasjonatka swojego zawodu.<\/p>\n\n\n\n<p>Uko\u0144czy\u0142a studia magisterskie na Akademii Wychowania Fizycznego im. Bronis\u0142awa Czecha w Krakowie. Swoje do\u015bwiadczenie w zawodzie zg\u0142\u0119bia ju\u017c od 14 lat. <br>Zdobywa\u0142a wiedz\u0119 zawodow\u0105 m.in. w takich miejscach jak: <br>Centrum Po\u0142o\u017cnicze &#8222;Koala&#8221; w Krakowie, Szpital Uniwersytecki w Prokocimiu, Szpital Po\u0142o\u017cniczy &#8222;Ujastek&#8221; w Krakowie, Oddzia\u0142 Gin.- Po\u0142. i Neonatologiczny w Tuchowie, prowadzenie Szko\u0142y Rodzenia w Tuchowie, prywatna praktyka fizjoterapeutyczna w Madrycie i w Polsce.<\/p>\n\n\n\n<p>Prowadzi\u0142a wiele warsztat\u00f3w ze swojej dziedziny, m.in. w Stowarzyszeniu &#8222;Mamy Tarn\u00f3w&#8221;, Fundacji Jana Hetmana Tarnowskiego, Radiu RDN Ma\u0142opolska.<br>Pracuje, wykorzystuj\u0105c wiedz\u0119 i techniki osteopatyczne, techniki rozlu\u017aniania mie\u015bniowo-powi\u0119ziowego, terapi\u0119 czaszkowo-krzy\u017cow\u0105 oraz naturoterapi\u0119.<\/p>\n\n\n\n<p>Pomaga pacjentom z problemami, m.in. uroginekologicznymi, psychosomatycznymi oraz logopedycznymi.<\/p>\n\n\n\n<p>Ci\u0105gle zg\u0142\u0119bia swoj\u0105 wiedz\u0119 na licznych kursach osteopatycznych i warsztatach. <br>W swojej pracy \u0142\u0105czy wiele metod, tak, aby jak najlepiej pom\u00f3c pacjentom i si\u0119 nimi zaopiekowa\u0107.<br>Prywatnie uwielbia sp\u0119dza\u0107 czas z rodzin\u0105 i psem, malowa\u0107 obrazy i czyta\u0107 ksi\u0105\u017cki.<\/p>\n","protected":false},"excerpt":{"rendered":"<p>OD NOWA Paulina Nowak KONTAKT:798 149 147FBInstagram Fizjoterapeutka uroginekologiczna i pediatryczna.Pasjonatka swojego zawodu. Uko\u0144czy\u0142a studia magisterskie na Akademii Wychowania Fizycznego im. Bronis\u0142awa Czecha w Krakowie. Swoje do\u015bwiadczenie w zawodzie zg\u0142\u0119bia &hellip; <\/p>\n","protected":false},"author":2,"featured_media":0,"parent":0,"menu_order":0,"comment_status":"closed","ping_status":"closed","template":"","meta":{"footnotes":""},"class_list":["post-29","page","type-page","status-publish","hentry"],"_links":{"self":[{"href":"https:\/\/holisticagroup.com.pl\/index.php\/wp-json\/wp\/v2\/pages\/29","targetHints":{"allow":["GET"]}}],"collection":[{"href":"https:\/\/holisticagroup.com.pl\/index.php\/wp-json\/wp\/v2\/pages"}],"about":[{"href":"https:\/\/holisticagroup.com.pl\/index.php\/wp-json\/wp\/v2\/types\/page"}],"author":[{"embeddable":true,"href":"https:\/\/holisticagroup.com.pl\/index.php\/wp-json\/wp\/v2\/users\/2"}],"replies":[{"embeddable":true,"href":"https:\/\/holisticagroup.com.pl\/index.php\/wp-json\/wp\/v2\/comments?post=29"}],"version-history":[{"count":14,"href":"https:\/\/holisticagroup.com.pl\/index.php\/wp-json\/wp\/v2\/pages\/29\/revisions"}],"predecessor-version":[{"id":402,"href":"https:\/\/holisticagroup.com.pl\/index.php\/wp-json\/wp\/v2\/pages\/29\/revisions\/402"}],"wp:attachment":[{"href":"https:\/\/holisticagroup.com.pl\/index.php\/wp-json\/wp\/v2\/media?parent=29"}],"curies":[{"name":"wp","href":"https:\/\/api.w.org\/{rel}","templated":true}]}}