{"id":66,"date":"2024-01-31T19:39:51","date_gmt":"2024-01-31T18:39:51","guid":{"rendered":"https:\/\/holisticagroup.pl\/?page_id=66"},"modified":"2024-02-12T14:47:44","modified_gmt":"2024-02-12T13:47:44","slug":"gabinet-2","status":"publish","type":"page","link":"https:\/\/holisticagroup.com.pl\/index.php\/gabinet-2\/","title":{"rendered":"Gabinet 2"},"content":{"rendered":"<div class=\"wp-block-image\">\n<figure class=\"aligncenter size-full\"><a href=\"https:\/\/www.facebook.com\/profile.php?id=100090845990200\"><img loading=\"lazy\" decoding=\"async\" width=\"450\" height=\"461\" src=\"https:\/\/holisticagroup.pl\/wp-content\/uploads\/2024\/02\/logo_kamila.png\" alt=\"\" class=\"wp-image-472\" srcset=\"https:\/\/holisticagroup.com.pl\/wp-content\/uploads\/2024\/02\/logo_kamila.png 450w, https:\/\/holisticagroup.com.pl\/wp-content\/uploads\/2024\/02\/logo_kamila-293x300.png 293w, https:\/\/holisticagroup.com.pl\/wp-content\/uploads\/2024\/02\/logo_kamila-59x60.png 59w\" sizes=\"auto, (max-width: 450px) 100vw, 450px\" \/><\/a><\/figure>\n<\/div>\n\n\n<p class=\"has-background has-medium-font-size\" style=\"background-color:#e7a730e8\"><strong>AKUPUNKTURA HOLISTICA<\/strong> <br><strong>Kamila Neminarz<\/strong><\/p>\n\n\n\n<p class=\"has-background has-medium-font-size\" style=\"background-color:#e7a730e8\"><strong>KONTAKT:<br>696 828 405<\/strong><br><strong><a href=\"https:\/\/www.facebook.com\/profile.php?id=100090845990200\" data-type=\"link\" data-id=\"https:\/\/www.facebook.com\/profile.php?id=100090845990200\">FB<\/a><\/strong><br><strong><a href=\"https:\/\/www.instagram.com\/holistica_akupunktura?igsh=MXJ0YmNmM2Nscnp3eA==\" data-type=\"link\" data-id=\"https:\/\/www.instagram.com\/holistica_akupunktura?igsh=MXJ0YmNmM2Nscnp3eA==\">Instagram<\/a><\/strong><\/p>\n\n\n\n<p><\/p>\n\n\n\n<p><\/p>\n\n\n\n<figure class=\"wp-block-image size-large\"><img loading=\"lazy\" decoding=\"async\" width=\"741\" height=\"1024\" src=\"https:\/\/holisticagroup.pl\/wp-content\/uploads\/2024\/01\/MEZ_3188-741x1024.jpg\" alt=\"\" class=\"wp-image-142\" srcset=\"https:\/\/holisticagroup.com.pl\/wp-content\/uploads\/2024\/01\/MEZ_3188-741x1024.jpg 741w, https:\/\/holisticagroup.com.pl\/wp-content\/uploads\/2024\/01\/MEZ_3188-217x300.jpg 217w, https:\/\/holisticagroup.com.pl\/wp-content\/uploads\/2024\/01\/MEZ_3188-768x1061.jpg 768w, https:\/\/holisticagroup.com.pl\/wp-content\/uploads\/2024\/01\/MEZ_3188-1112x1536.jpg 1112w, https:\/\/holisticagroup.com.pl\/wp-content\/uploads\/2024\/01\/MEZ_3188-1482x2048.jpg 1482w, https:\/\/holisticagroup.com.pl\/wp-content\/uploads\/2024\/01\/MEZ_3188-43x60.jpg 43w, https:\/\/holisticagroup.com.pl\/wp-content\/uploads\/2024\/01\/MEZ_3188-scaled.jpg 1853w\" sizes=\"auto, (max-width: 741px) 100vw, 741px\" \/><\/figure>\n\n\n\n<p><\/p>\n\n\n\n<p>Holistica &#8211;<em> naturalne podej\u015bcie do zdrowia<\/em><\/p>\n\n\n\n<p>Jestem dyplomowanym terapeut\u0105 Medycyny Chi\u0144skiej oraz naturopat\u0105.<\/p>\n\n\n\n<p>Swoj\u0105 przygod\u0119 ze wschodni\u0105 nauk\u0105 rozpocz\u0119\u0142am w 2016 roku. Od tego czasu zwi\u0119kszam swoje umiej\u0119tno\u015bci, a medycyna chi\u0144ska jest nieodzownym elementem, kt\u00f3ry towarzyszy mi na co dzie\u0144 w \u017cyciu.&nbsp;<\/p>\n\n\n\n<p>Na czym polega akupunktura Stems &amp; Branches?<\/p>\n\n\n\n<p>To praca nad nier\u00f3wnowag\u0105 w organi\u017amie. Bez wzgl\u0119du na to z jak\u0105 chorob\u0105 przychodzisz, ile masz lat i co robisz w \u017cyciu. Ig\u0142ami pomagam przywr\u00f3ci\u0107 balans i r\u00f3wnowag\u0119, dzi\u0119ki czemu ka\u017cdy z nas mo\u017ce doj\u015b\u0107 do homeostazy, samouzdrowienia. Same ig\u0142y nie lecz\u0105, dzi\u0119ki stymulacji punkt\u00f3w na meridianach, pomagaj\u0105 naprowadzi\u0107 organizm na to czym ma si\u0119 w tym momencie zaj\u0105\u0107. Moim celem jest przywr\u00f3cenie zdolno\u015bci do \u017cycia w r\u00f3wnowadze dzi\u0119ki kt\u00f3remu mo\u017ce w pe\u0142ni rozwija\u0107 sw\u00f3j potencja\u0142. Ig\u0142y pomagaj\u0105 zar\u00f3wno w stanach emocjonalnych jak i fizycznych.<\/p>\n\n\n\n<p>Dzi\u0119ki badaniu pulsu sprawdzam kondycj\u0119 wszystkich 12 narz\u0105d\u00f3w, poziom energii, krwi i p\u0142yn\u00f3w w organizmie. <br>System Stems &amp; Branches pomaga mi sprawdzi\u0107 tendencje urodzeniowe do \u2018s\u0142abszych\u2019 narz\u0105d\u00f3w, dzi\u0119ki czemu terapia jest jeszcze bardziej skuteczna i precyzyjna.<\/p>\n","protected":false},"excerpt":{"rendered":"<p>AKUPUNKTURA HOLISTICA Kamila Neminarz KONTAKT:696 828 405FBInstagram Holistica &#8211; naturalne podej\u015bcie do zdrowia Jestem dyplomowanym terapeut\u0105 Medycyny Chi\u0144skiej oraz naturopat\u0105. Swoj\u0105 przygod\u0119 ze wschodni\u0105 nauk\u0105 rozpocz\u0119\u0142am w 2016 roku. Od &hellip; <\/p>\n","protected":false},"author":2,"featured_media":0,"parent":0,"menu_order":0,"comment_status":"closed","ping_status":"closed","template":"","meta":{"footnotes":""},"class_list":["post-66","page","type-page","status-publish","hentry"],"_links":{"self":[{"href":"https:\/\/holisticagroup.com.pl\/index.php\/wp-json\/wp\/v2\/pages\/66","targetHints":{"allow":["GET"]}}],"collection":[{"href":"https:\/\/holisticagroup.com.pl\/index.php\/wp-json\/wp\/v2\/pages"}],"about":[{"href":"https:\/\/holisticagroup.com.pl\/index.php\/wp-json\/wp\/v2\/types\/page"}],"author":[{"embeddable":true,"href":"https:\/\/holisticagroup.com.pl\/index.php\/wp-json\/wp\/v2\/users\/2"}],"replies":[{"embeddable":true,"href":"https:\/\/holisticagroup.com.pl\/index.php\/wp-json\/wp\/v2\/comments?post=66"}],"version-history":[{"count":15,"href":"https:\/\/holisticagroup.com.pl\/index.php\/wp-json\/wp\/v2\/pages\/66\/revisions"}],"predecessor-version":[{"id":476,"href":"https:\/\/holisticagroup.com.pl\/index.php\/wp-json\/wp\/v2\/pages\/66\/revisions\/476"}],"wp:attachment":[{"href":"https:\/\/holisticagroup.com.pl\/index.php\/wp-json\/wp\/v2\/media?parent=66"}],"curies":[{"name":"wp","href":"https:\/\/api.w.org\/{rel}","templated":true}]}}