{"id":73,"date":"2024-01-31T19:41:29","date_gmt":"2024-01-31T18:41:29","guid":{"rendered":"https:\/\/holisticagroup.pl\/?page_id=73"},"modified":"2024-02-12T12:11:56","modified_gmt":"2024-02-12T11:11:56","slug":"gabinet-5","status":"publish","type":"page","link":"https:\/\/holisticagroup.com.pl\/index.php\/gabinet-5\/","title":{"rendered":"Gabinet 5"},"content":{"rendered":"<div class=\"wp-block-image\">\n<figure class=\"aligncenter size-full\"><a href=\"http:\/\/www.paulinaewakilian.pl\/\"><img loading=\"lazy\" decoding=\"async\" width=\"706\" height=\"416\" src=\"https:\/\/holisticagroup.pl\/wp-content\/uploads\/2024\/02\/logo-1.png\" alt=\"\" class=\"wp-image-441\" srcset=\"https:\/\/holisticagroup.com.pl\/wp-content\/uploads\/2024\/02\/logo-1.png 706w, https:\/\/holisticagroup.com.pl\/wp-content\/uploads\/2024\/02\/logo-1-300x177.png 300w, https:\/\/holisticagroup.com.pl\/wp-content\/uploads\/2024\/02\/logo-1-102x60.png 102w\" sizes=\"auto, (max-width: 706px) 100vw, 706px\" \/><\/a><\/figure>\n<\/div>\n\n\n<p class=\"has-background has-medium-font-size\" style=\"background-color:#e7a730e8\"><strong>MASTERPIECE<\/strong><br><strong>Paulina Ewa Kilian<\/strong><\/p>\n\n\n\n<p class=\"has-background has-medium-font-size\" style=\"background-color:#e7a730e8\"><strong>KONTAKT:<br>693 141 400<br><a href=\"http:\/\/www.paulinaewakilian.pl\">www.paulinaewakilian.pl<\/a><br><a href=\"https:\/\/www.facebook.com\/profile.php?id=100046893431613\" data-type=\"link\" data-id=\"https:\/\/www.facebook.com\/profile.php?id=100046893431613\">FB<\/a><br><a href=\"https:\/\/www.instagram.com\/paulina_ewa_kilian\" data-type=\"link\" data-id=\"https:\/\/www.instagram.com\/paulina_ewa_kilian\">Instagram<\/a><\/strong><\/p>\n\n\n\n<p class=\"has-text-align-center has-large-font-size\"><\/p>\n\n\n\n<p><\/p>\n\n\n\n<h2 class=\"wp-block-heading\"><\/h2>\n\n\n\n<figure class=\"wp-block-image size-full\"><img loading=\"lazy\" decoding=\"async\" width=\"620\" height=\"857\" src=\"https:\/\/holisticagroup.pl\/wp-content\/uploads\/2024\/01\/zdjecia_male.jpg\" alt=\"\" class=\"wp-image-147\" srcset=\"https:\/\/holisticagroup.com.pl\/wp-content\/uploads\/2024\/01\/zdjecia_male.jpg 620w, https:\/\/holisticagroup.com.pl\/wp-content\/uploads\/2024\/01\/zdjecia_male-217x300.jpg 217w, https:\/\/holisticagroup.com.pl\/wp-content\/uploads\/2024\/01\/zdjecia_male-43x60.jpg 43w\" sizes=\"auto, (max-width: 620px) 100vw, 620px\" \/><\/figure>\n\n\n\n<p>\u201d Family Coach \u2013 ustawienia konstelacji rodzinnych metod\u0105 B.Hellingera\u201d.<\/p>\n\n\n\n<p><\/p>\n\n\n\n<p><br>Jestem Paulina.<br>Poprzez prac\u0119 z lud\u017ami towarzysz\u0119 w Ich zmianie. <br>Towarzysz\u0119 w odkrywaniu Ich prawdziwego potencja\u0142u.<br>W ten spos\u00f3b mog\u0105 zobaczy\u0107 swoje trudno\u015bci w \u017cyciu z g\u0142\u0119bszej perspektywy i mog\u0105 zmieni\u0107 to, co im ju\u017c nie s\u0142u\u017cy.<br>W ten spos\u00f3b zmienia si\u0119 ich matryca energetyczna przez co zmienia si\u0119 ich \u017cycie &#8211; rodz\u0105c si\u0119 przychodzimy tutaj z uwarunkowaniami rodowymi oraz wcieleniowymi.<br><\/p>\n\n\n\n<p>Bo jeste\u015b kontynuacj\u0105&#8230;.<\/p>\n\n\n\n<p>W \u017cyciu wa\u017cna jest dla mnie samo\u015bwiadomo\u015b\u0107.<br>Im wi\u0119cej o sobie wiemy, tym pe\u0142niej i g\u0142\u0119biej \u017cyjemy.<br>Tym bardziej jeste\u015bmy obecni w sobie i mamy si\u0119 czym dzieli\u0107 z Innymi.<br>Tworzenie i dzielenie si\u0119 to warto\u015bci na kt\u00f3rych buduj\u0119 teraz swoje \u017cycie.<\/p>\n\n\n\n<p><\/p>\n\n\n\n<p>Zapraszam Ci\u0119 na stron\u0119 i do gabinetu.<br>Do zobaczenia.<\/p>\n","protected":false},"excerpt":{"rendered":"<p>MASTERPIECEPaulina Ewa Kilian KONTAKT:693 141 400www.paulinaewakilian.plFBInstagram \u201d Family Coach \u2013 ustawienia konstelacji rodzinnych metod\u0105 B.Hellingera\u201d. Jestem Paulina.Poprzez prac\u0119 z lud\u017ami towarzysz\u0119 w Ich zmianie. Towarzysz\u0119 w odkrywaniu Ich prawdziwego potencja\u0142u.W &hellip; <\/p>\n","protected":false},"author":2,"featured_media":0,"parent":0,"menu_order":0,"comment_status":"closed","ping_status":"closed","template":"","meta":{"footnotes":""},"class_list":["post-73","page","type-page","status-publish","hentry"],"_links":{"self":[{"href":"https:\/\/holisticagroup.com.pl\/index.php\/wp-json\/wp\/v2\/pages\/73","targetHints":{"allow":["GET"]}}],"collection":[{"href":"https:\/\/holisticagroup.com.pl\/index.php\/wp-json\/wp\/v2\/pages"}],"about":[{"href":"https:\/\/holisticagroup.com.pl\/index.php\/wp-json\/wp\/v2\/types\/page"}],"author":[{"embeddable":true,"href":"https:\/\/holisticagroup.com.pl\/index.php\/wp-json\/wp\/v2\/users\/2"}],"replies":[{"embeddable":true,"href":"https:\/\/holisticagroup.com.pl\/index.php\/wp-json\/wp\/v2\/comments?post=73"}],"version-history":[{"count":16,"href":"https:\/\/holisticagroup.com.pl\/index.php\/wp-json\/wp\/v2\/pages\/73\/revisions"}],"predecessor-version":[{"id":452,"href":"https:\/\/holisticagroup.com.pl\/index.php\/wp-json\/wp\/v2\/pages\/73\/revisions\/452"}],"wp:attachment":[{"href":"https:\/\/holisticagroup.com.pl\/index.php\/wp-json\/wp\/v2\/media?parent=73"}],"curies":[{"name":"wp","href":"https:\/\/api.w.org\/{rel}","templated":true}]}}