{"id":75,"date":"2024-01-31T19:42:44","date_gmt":"2024-01-31T18:42:44","guid":{"rendered":"https:\/\/holisticagroup.pl\/?page_id=75"},"modified":"2024-02-12T12:17:04","modified_gmt":"2024-02-12T11:17:04","slug":"gabinet-6","status":"publish","type":"page","link":"https:\/\/holisticagroup.com.pl\/index.php\/gabinet-6\/","title":{"rendered":"Gabinet 6"},"content":{"rendered":"<div class=\"wp-block-image\">\n<figure class=\"aligncenter size-large is-resized\"><a href=\"https:\/\/www.instagram.com\/malgorzata_chabura\"><img loading=\"lazy\" decoding=\"async\" width=\"1024\" height=\"1024\" src=\"https:\/\/holisticagroup.pl\/wp-content\/uploads\/2024\/02\/421010740_1133385281160984_3255706508653937042_n-1024x1024.jpg\" alt=\"\" class=\"wp-image-437\" style=\"width:459px;height:auto\" srcset=\"https:\/\/holisticagroup.com.pl\/wp-content\/uploads\/2024\/02\/421010740_1133385281160984_3255706508653937042_n-1024x1024.jpg 1024w, https:\/\/holisticagroup.com.pl\/wp-content\/uploads\/2024\/02\/421010740_1133385281160984_3255706508653937042_n-300x300.jpg 300w, https:\/\/holisticagroup.com.pl\/wp-content\/uploads\/2024\/02\/421010740_1133385281160984_3255706508653937042_n-150x150.jpg 150w, https:\/\/holisticagroup.com.pl\/wp-content\/uploads\/2024\/02\/421010740_1133385281160984_3255706508653937042_n-768x768.jpg 768w, https:\/\/holisticagroup.com.pl\/wp-content\/uploads\/2024\/02\/421010740_1133385281160984_3255706508653937042_n-60x60.jpg 60w, https:\/\/holisticagroup.com.pl\/wp-content\/uploads\/2024\/02\/421010740_1133385281160984_3255706508653937042_n.jpg 1448w\" sizes=\"auto, (max-width: 1024px) 100vw, 1024px\" \/><\/a><\/figure>\n<\/div>\n\n\n<p class=\"has-background has-medium-font-size\" style=\"background-color:#e7a730e8\"><strong>DOTYK PI\u0118KNA<\/strong> <br><strong>Ma\u0142ogorzata Chabura<\/strong><\/p>\n\n\n\n<p class=\"has-background\" style=\"background-color:#e7a730e8\"><strong>KONTAKT:<br>508 131 123<br><a href=\"https:\/\/www.facebook.com\/DotykPieknaTarnow\" data-type=\"link\" data-id=\"https:\/\/www.facebook.com\/DotykPieknaTarnow\">FB<\/a><br><a href=\"https:\/\/www.instagram.com\/malgorzata_chabura\" data-type=\"link\" data-id=\"https:\/\/www.instagram.com\/malgorzata_chabura\">Instagram<\/a><\/strong><\/p>\n\n\n\n<figure class=\"wp-block-image size-large\"><img loading=\"lazy\" decoding=\"async\" width=\"741\" height=\"1024\" src=\"https:\/\/holisticagroup.pl\/wp-content\/uploads\/2024\/01\/MEZ_3116-741x1024.jpg\" alt=\"\" class=\"wp-image-153\" srcset=\"https:\/\/holisticagroup.com.pl\/wp-content\/uploads\/2024\/01\/MEZ_3116-741x1024.jpg 741w, https:\/\/holisticagroup.com.pl\/wp-content\/uploads\/2024\/01\/MEZ_3116-217x300.jpg 217w, https:\/\/holisticagroup.com.pl\/wp-content\/uploads\/2024\/01\/MEZ_3116-768x1061.jpg 768w, https:\/\/holisticagroup.com.pl\/wp-content\/uploads\/2024\/01\/MEZ_3116-1112x1536.jpg 1112w, https:\/\/holisticagroup.com.pl\/wp-content\/uploads\/2024\/01\/MEZ_3116-1482x2048.jpg 1482w, https:\/\/holisticagroup.com.pl\/wp-content\/uploads\/2024\/01\/MEZ_3116-43x60.jpg 43w, https:\/\/holisticagroup.com.pl\/wp-content\/uploads\/2024\/01\/MEZ_3116-scaled.jpg 1853w\" sizes=\"auto, (max-width: 741px) 100vw, 741px\" \/><\/figure>\n\n\n\n<p><\/p>\n\n\n\n<p>Salon \u201eDotyk Pi\u0119kna\u201dprowadz\u0119 z pasji i mi\u0142o\u015bci do naturalnego pi\u0119kna.<\/p>\n\n\n\n<p>Jestem kosmetologiem z wieloletnim do\u015bwiadczeniem, regularnie bior\u0119 udzia\u0142 w szkoleniach i zdobywam wiedz\u0119 od najlepszych ekspert\u00f3w z bran\u017cy beauty.<br>Do ka\u017cdej osoby odwiedzaj\u0105cej m\u00f3j gabinet podchodz\u0119 indywidualnie, badaj\u0105c potrzeby sk\u00f3ry, dostosowuj\u0119 zabiegi aby uzyska\u0107 efekt zdrowej i promiennej cery na d\u0142ugi czas.<br>W moim gabinecie ceni\u0119 bardzo spok\u00f3j oraz harmoni\u0119, dzi\u0119ki czemu ka\u017cdy mo\u017ce poczu\u0107 si\u0119 zrelaksowany i dopieszczony.<\/p>\n","protected":false},"excerpt":{"rendered":"<p>DOTYK PI\u0118KNA Ma\u0142ogorzata Chabura KONTAKT:508 131 123FBInstagram Salon \u201eDotyk Pi\u0119kna\u201dprowadz\u0119 z pasji i mi\u0142o\u015bci do naturalnego pi\u0119kna. Jestem kosmetologiem z wieloletnim do\u015bwiadczeniem, regularnie bior\u0119 udzia\u0142 w szkoleniach i zdobywam wiedz\u0119 &hellip; <\/p>\n","protected":false},"author":2,"featured_media":0,"parent":0,"menu_order":0,"comment_status":"closed","ping_status":"closed","template":"","meta":{"footnotes":""},"class_list":["post-75","page","type-page","status-publish","hentry"],"_links":{"self":[{"href":"https:\/\/holisticagroup.com.pl\/index.php\/wp-json\/wp\/v2\/pages\/75","targetHints":{"allow":["GET"]}}],"collection":[{"href":"https:\/\/holisticagroup.com.pl\/index.php\/wp-json\/wp\/v2\/pages"}],"about":[{"href":"https:\/\/holisticagroup.com.pl\/index.php\/wp-json\/wp\/v2\/types\/page"}],"author":[{"embeddable":true,"href":"https:\/\/holisticagroup.com.pl\/index.php\/wp-json\/wp\/v2\/users\/2"}],"replies":[{"embeddable":true,"href":"https:\/\/holisticagroup.com.pl\/index.php\/wp-json\/wp\/v2\/comments?post=75"}],"version-history":[{"count":15,"href":"https:\/\/holisticagroup.com.pl\/index.php\/wp-json\/wp\/v2\/pages\/75\/revisions"}],"predecessor-version":[{"id":458,"href":"https:\/\/holisticagroup.com.pl\/index.php\/wp-json\/wp\/v2\/pages\/75\/revisions\/458"}],"wp:attachment":[{"href":"https:\/\/holisticagroup.com.pl\/index.php\/wp-json\/wp\/v2\/media?parent=75"}],"curies":[{"name":"wp","href":"https:\/\/api.w.org\/{rel}","templated":true}]}}