{"id":77,"date":"2024-01-31T19:43:06","date_gmt":"2024-01-31T18:43:06","guid":{"rendered":"https:\/\/holisticagroup.pl\/?page_id=77"},"modified":"2024-02-12T12:38:52","modified_gmt":"2024-02-12T11:38:52","slug":"gabinet-7","status":"publish","type":"page","link":"https:\/\/holisticagroup.com.pl\/index.php\/gabinet-7\/","title":{"rendered":"Gabinet 7"},"content":{"rendered":"\n<figure class=\"wp-block-image size-large\"><a href=\"http:\/\/www.vyspa.com.pl\/#\/\"><img loading=\"lazy\" decoding=\"async\" width=\"1024\" height=\"870\" src=\"https:\/\/holisticagroup.pl\/wp-content\/uploads\/2024\/02\/logo-Jola_wyspa-jpg-1-1-1024x870.jpg\" alt=\"\" class=\"wp-image-436\" srcset=\"https:\/\/holisticagroup.com.pl\/wp-content\/uploads\/2024\/02\/logo-Jola_wyspa-jpg-1-1-1024x870.jpg 1024w, https:\/\/holisticagroup.com.pl\/wp-content\/uploads\/2024\/02\/logo-Jola_wyspa-jpg-1-1-300x255.jpg 300w, https:\/\/holisticagroup.com.pl\/wp-content\/uploads\/2024\/02\/logo-Jola_wyspa-jpg-1-1-768x652.jpg 768w, https:\/\/holisticagroup.com.pl\/wp-content\/uploads\/2024\/02\/logo-Jola_wyspa-jpg-1-1-71x60.jpg 71w, https:\/\/holisticagroup.com.pl\/wp-content\/uploads\/2024\/02\/logo-Jola_wyspa-jpg-1-1.jpg 1182w\" sizes=\"auto, (max-width: 1024px) 100vw, 1024px\" \/><\/a><\/figure>\n\n\n\n<p><\/p>\n\n\n\n<p class=\"has-background has-medium-font-size\" style=\"background-color:#e7a730e8\"><strong>VYSPA<\/strong><br><strong>Jolanta Martyna<\/strong><\/p>\n\n\n\n<p class=\"has-background has-medium-font-size\" style=\"background-color:#e7a730e8\"><strong>KONTAKT<\/strong>:<br><strong>883 435 669 <\/strong><br><a href=\"http:\/\/www.vyspa.com.pl\" data-type=\"link\" data-id=\"www.vyspa.com.pl\">www.vyspa.com.pl<\/a><br><a href=\"https:\/\/m.facebook.com\/100057252257014\/\">Fb<\/a><br><a href=\"http:\/\/vyspa.jola.martyna\">Instagram<\/a><\/p>\n\n\n\n<figure class=\"wp-block-image size-large\"><img loading=\"lazy\" decoding=\"async\" width=\"934\" height=\"1024\" src=\"https:\/\/holisticagroup.pl\/wp-content\/uploads\/2024\/02\/MEZ_0669-1-934x1024.jpg\" alt=\"\" class=\"wp-image-302\" srcset=\"https:\/\/holisticagroup.com.pl\/wp-content\/uploads\/2024\/02\/MEZ_0669-1-934x1024.jpg 934w, https:\/\/holisticagroup.com.pl\/wp-content\/uploads\/2024\/02\/MEZ_0669-1-274x300.jpg 274w, https:\/\/holisticagroup.com.pl\/wp-content\/uploads\/2024\/02\/MEZ_0669-1-768x842.jpg 768w, https:\/\/holisticagroup.com.pl\/wp-content\/uploads\/2024\/02\/MEZ_0669-1-55x60.jpg 55w, https:\/\/holisticagroup.com.pl\/wp-content\/uploads\/2024\/02\/MEZ_0669-1.jpg 1192w\" sizes=\"auto, (max-width: 934px) 100vw, 934px\" \/><\/figure>\n\n\n\n<p>VYSPA jest miejscem w kt\u00f3rym mo\u017cesz zrelaksowa\u0107 si\u0119, zapomnie\u0107 o zawrotnym tempie dnia codziennego oraz na\u0142adowa\u0107 baterie do lepszej i efektywniejszej pracy.<br>Relaksuj\u0105c si\u0119 nie tylko dbasz o swoje lepsze samopoczucie, ale r\u00f3wnie\u017c o zdrowie fizyczne.<\/p>\n\n\n\n<p>VYSPA oferuje Ci szeroki wachlarz specjalistycznych masa\u017cy twarzy oraz relaksacyjnych masa\u017cy cia\u0142a.<br>Przyjd\u017a i przekonaj si\u0119!<\/p>\n\n\n\n<p>Zapraszam.<br>Jola Martyna<\/p>\n\n\n\n<p><\/p>\n\n\n\n<p><\/p>\n","protected":false},"excerpt":{"rendered":"<p>VYSPAJolanta Martyna KONTAKT:883 435 669 www.vyspa.com.plFbInstagram VYSPA jest miejscem w kt\u00f3rym mo\u017cesz zrelaksowa\u0107 si\u0119, zapomnie\u0107 o zawrotnym tempie dnia codziennego oraz na\u0142adowa\u0107 baterie do lepszej i efektywniejszej pracy.Relaksuj\u0105c si\u0119 nie &hellip; <\/p>\n","protected":false},"author":2,"featured_media":0,"parent":0,"menu_order":0,"comment_status":"closed","ping_status":"closed","template":"","meta":{"footnotes":""},"class_list":["post-77","page","type-page","status-publish","hentry"],"_links":{"self":[{"href":"https:\/\/holisticagroup.com.pl\/index.php\/wp-json\/wp\/v2\/pages\/77","targetHints":{"allow":["GET"]}}],"collection":[{"href":"https:\/\/holisticagroup.com.pl\/index.php\/wp-json\/wp\/v2\/pages"}],"about":[{"href":"https:\/\/holisticagroup.com.pl\/index.php\/wp-json\/wp\/v2\/types\/page"}],"author":[{"embeddable":true,"href":"https:\/\/holisticagroup.com.pl\/index.php\/wp-json\/wp\/v2\/users\/2"}],"replies":[{"embeddable":true,"href":"https:\/\/holisticagroup.com.pl\/index.php\/wp-json\/wp\/v2\/comments?post=77"}],"version-history":[{"count":23,"href":"https:\/\/holisticagroup.com.pl\/index.php\/wp-json\/wp\/v2\/pages\/77\/revisions"}],"predecessor-version":[{"id":465,"href":"https:\/\/holisticagroup.com.pl\/index.php\/wp-json\/wp\/v2\/pages\/77\/revisions\/465"}],"wp:attachment":[{"href":"https:\/\/holisticagroup.com.pl\/index.php\/wp-json\/wp\/v2\/media?parent=77"}],"curies":[{"name":"wp","href":"https:\/\/api.w.org\/{rel}","templated":true}]}}