{"id":79,"date":"2024-01-31T19:43:29","date_gmt":"2024-01-31T18:43:29","guid":{"rendered":"https:\/\/holisticagroup.pl\/?page_id=79"},"modified":"2024-02-12T12:19:56","modified_gmt":"2024-02-12T11:19:56","slug":"gabinet-8","status":"publish","type":"page","link":"https:\/\/holisticagroup.com.pl\/index.php\/gabinet-8\/","title":{"rendered":"Gabinet 8"},"content":{"rendered":"<div class=\"wp-block-image\">\n<figure class=\"aligncenter size-large is-resized\"><a href=\"https:\/\/www.facebook.com\/profile.php?id=100091266284513\"><img loading=\"lazy\" decoding=\"async\" width=\"1024\" height=\"1024\" src=\"https:\/\/holisticagroup.pl\/wp-content\/uploads\/2024\/02\/Logo-czarne-1024x1024.jpg\" alt=\"\" class=\"wp-image-438\" style=\"width:373px;height:auto\" srcset=\"https:\/\/holisticagroup.com.pl\/wp-content\/uploads\/2024\/02\/Logo-czarne-1024x1024.jpg 1024w, https:\/\/holisticagroup.com.pl\/wp-content\/uploads\/2024\/02\/Logo-czarne-300x300.jpg 300w, https:\/\/holisticagroup.com.pl\/wp-content\/uploads\/2024\/02\/Logo-czarne-150x150.jpg 150w, https:\/\/holisticagroup.com.pl\/wp-content\/uploads\/2024\/02\/Logo-czarne-768x768.jpg 768w, https:\/\/holisticagroup.com.pl\/wp-content\/uploads\/2024\/02\/Logo-czarne-1536x1536.jpg 1536w, https:\/\/holisticagroup.com.pl\/wp-content\/uploads\/2024\/02\/Logo-czarne-2048x2048.jpg 2048w, https:\/\/holisticagroup.com.pl\/wp-content\/uploads\/2024\/02\/Logo-czarne-60x60.jpg 60w\" sizes=\"auto, (max-width: 1024px) 100vw, 1024px\" \/><\/a><\/figure>\n<\/div>\n\n\n<p class=\"has-background has-medium-font-size\" style=\"background-color:#e7a730e8\"><strong>FIZJOTER<strong>A<\/strong>PIA I MASA\u017b<\/strong><br><strong>Joanna Czarnik<\/strong><\/p>\n\n\n\n<p class=\"has-background\" style=\"background-color:#e7a730e8\"><strong>KONTAKT: <br>536 748 985<br><\/strong><a href=\"https:\/\/www.facebook.com\/profile.php?id=100091266284513\" data-type=\"link\" data-id=\"https:\/\/www.facebook.com\/profile.php?id=100091266284513\">Facebook<\/a><br><a href=\"https:\/\/www.instagram.com\/joanna.czarnik_fizjoterapia?igsh=MXg0bW9hanNiZHdqcA==\" data-type=\"link\" data-id=\"https:\/\/www.instagram.com\/joanna.czarnik_fizjoterapia?igsh=MXg0bW9hanNiZHdqcA==\">Instagram<\/a><\/p>\n\n\n\n<figure class=\"wp-block-image size-large\"><img loading=\"lazy\" decoding=\"async\" width=\"683\" height=\"1024\" src=\"https:\/\/holisticagroup.pl\/wp-content\/uploads\/2024\/01\/8b-683x1024.jpg\" alt=\"\" class=\"wp-image-155\" srcset=\"https:\/\/holisticagroup.com.pl\/wp-content\/uploads\/2024\/01\/8b-683x1024.jpg 683w, https:\/\/holisticagroup.com.pl\/wp-content\/uploads\/2024\/01\/8b-200x300.jpg 200w, https:\/\/holisticagroup.com.pl\/wp-content\/uploads\/2024\/01\/8b-768x1152.jpg 768w, https:\/\/holisticagroup.com.pl\/wp-content\/uploads\/2024\/01\/8b-1024x1536.jpg 1024w, https:\/\/holisticagroup.com.pl\/wp-content\/uploads\/2024\/01\/8b-1365x2048.jpg 1365w, https:\/\/holisticagroup.com.pl\/wp-content\/uploads\/2024\/01\/8b-40x60.jpg 40w, https:\/\/holisticagroup.com.pl\/wp-content\/uploads\/2024\/01\/8b-scaled.jpg 1707w\" sizes=\"auto, (max-width: 683px) 100vw, 683px\" \/><\/figure>\n\n\n\n<p><\/p>\n\n\n\n<p>Jestem fizjoterapeutk\u0105 z kilkuletnim do\u015bwiadczeniem. <\/p>\n\n\n\n<p><br>Tytu\u0142 licencjata fizjoterapii uzyska\u0142am na Pa\u0144stwowej Wy\u017cszej Szkole Zawodowej w Tarnowie, natomiast tytu\u0142 magistra fizjoterapii na Uniwersytecie Rzeszowskim na Wydziale Medycznym. <br><\/p>\n\n\n\n<p>Specjalizuj\u0119 si\u0119 w fizjoterapii stomatologicznej (m.in. dysfunkcje staw\u00f3w skroniowo-\u017cuchwowych, bruksizm, b\u00f3le napi\u0119ciowe g\u0142owy) przewlek\u0142ych oraz ostrych b\u00f3lach kr\u0119gos\u0142upa, a tak\u017ce wykonuj\u0119 masa\u017c tkanek g\u0142\u0119bokich, masa\u017ce relaksacyjne, sportowe, kinesiotaping oraz zabiegi z zakresu fizykoterapii. <\/p>\n\n\n\n<p>Ci\u0105gle pog\u0142\u0119biam swoj\u0105 wiedz\u0119 na temat funkcjonowania organizmu cz\u0142owieka oraz poznaj\u0119 r\u00f3\u017cne techniki pracy na kursach oraz szkoleniach.<\/p>\n","protected":false},"excerpt":{"rendered":"<p>FIZJOTERAPIA I MASA\u017bJoanna Czarnik KONTAKT: 536 748 985FacebookInstagram Jestem fizjoterapeutk\u0105 z kilkuletnim do\u015bwiadczeniem. Tytu\u0142 licencjata fizjoterapii uzyska\u0142am na Pa\u0144stwowej Wy\u017cszej Szkole Zawodowej w Tarnowie, natomiast tytu\u0142 magistra fizjoterapii na Uniwersytecie &hellip; <\/p>\n","protected":false},"author":2,"featured_media":0,"parent":0,"menu_order":0,"comment_status":"closed","ping_status":"closed","template":"","meta":{"footnotes":""},"class_list":["post-79","page","type-page","status-publish","hentry"],"_links":{"self":[{"href":"https:\/\/holisticagroup.com.pl\/index.php\/wp-json\/wp\/v2\/pages\/79","targetHints":{"allow":["GET"]}}],"collection":[{"href":"https:\/\/holisticagroup.com.pl\/index.php\/wp-json\/wp\/v2\/pages"}],"about":[{"href":"https:\/\/holisticagroup.com.pl\/index.php\/wp-json\/wp\/v2\/types\/page"}],"author":[{"embeddable":true,"href":"https:\/\/holisticagroup.com.pl\/index.php\/wp-json\/wp\/v2\/users\/2"}],"replies":[{"embeddable":true,"href":"https:\/\/holisticagroup.com.pl\/index.php\/wp-json\/wp\/v2\/comments?post=79"}],"version-history":[{"count":14,"href":"https:\/\/holisticagroup.com.pl\/index.php\/wp-json\/wp\/v2\/pages\/79\/revisions"}],"predecessor-version":[{"id":460,"href":"https:\/\/holisticagroup.com.pl\/index.php\/wp-json\/wp\/v2\/pages\/79\/revisions\/460"}],"wp:attachment":[{"href":"https:\/\/holisticagroup.com.pl\/index.php\/wp-json\/wp\/v2\/media?parent=79"}],"curies":[{"name":"wp","href":"https:\/\/api.w.org\/{rel}","templated":true}]}}