{"id":83,"date":"2024-01-31T19:46:13","date_gmt":"2024-01-31T18:46:13","guid":{"rendered":"https:\/\/holisticagroup.pl\/?page_id=83"},"modified":"2024-02-12T12:56:47","modified_gmt":"2024-02-12T11:56:47","slug":"depilconcept-tarnow","status":"publish","type":"page","link":"https:\/\/holisticagroup.com.pl\/index.php\/depilconcept-tarnow\/","title":{"rendered":"Depil Concept Tarn\u00f3w"},"content":{"rendered":"<div class=\"wp-block-image\">\n<figure class=\"aligncenter size-full\"><a href=\"https:\/\/www.instagram.com\/depilconcept_tarnow\/\"><img loading=\"lazy\" decoding=\"async\" width=\"500\" height=\"500\" src=\"https:\/\/holisticagroup.pl\/wp-content\/uploads\/2024\/02\/Messenger_creation_4959c771-56d7-4927-b2cc-916432d0b763.jpg\" alt=\"\" class=\"wp-image-466\" srcset=\"https:\/\/holisticagroup.com.pl\/wp-content\/uploads\/2024\/02\/Messenger_creation_4959c771-56d7-4927-b2cc-916432d0b763.jpg 500w, https:\/\/holisticagroup.com.pl\/wp-content\/uploads\/2024\/02\/Messenger_creation_4959c771-56d7-4927-b2cc-916432d0b763-300x300.jpg 300w, https:\/\/holisticagroup.com.pl\/wp-content\/uploads\/2024\/02\/Messenger_creation_4959c771-56d7-4927-b2cc-916432d0b763-150x150.jpg 150w, https:\/\/holisticagroup.com.pl\/wp-content\/uploads\/2024\/02\/Messenger_creation_4959c771-56d7-4927-b2cc-916432d0b763-60x60.jpg 60w\" sizes=\"auto, (max-width: 500px) 100vw, 500px\" \/><\/a><\/figure>\n<\/div>\n\n\n<p class=\"has-background has-medium-font-size\" style=\"background-color:#e7a730e8\"><strong>Depil Concept Tarn\u00f3w<\/strong><\/p>\n\n\n\n<p class=\"has-background\" style=\"background-color:#e7a730e8\"><strong>KONTAKT:<\/strong><br><strong>577 458 525<\/strong><br><strong><a href=\"https:\/\/www.facebook.com\/brodzinskiego30\" data-type=\"link\" data-id=\"https:\/\/www.facebook.com\/brodzinskiego30\">FB<\/a><\/strong><br><strong><a href=\"https:\/\/www.instagram.com\/depilconcept_tarnow\/\">Instagram<\/a><\/strong><\/p>\n\n\n\n<figure class=\"wp-block-image size-large\"><img loading=\"lazy\" decoding=\"async\" width=\"1024\" height=\"1024\" src=\"https:\/\/holisticagroup.pl\/wp-content\/uploads\/2024\/01\/MEZ_3352-21-1024x1024.jpg\" alt=\"\" class=\"wp-image-158\" srcset=\"https:\/\/holisticagroup.com.pl\/wp-content\/uploads\/2024\/01\/MEZ_3352-21-1024x1024.jpg 1024w, https:\/\/holisticagroup.com.pl\/wp-content\/uploads\/2024\/01\/MEZ_3352-21-300x300.jpg 300w, https:\/\/holisticagroup.com.pl\/wp-content\/uploads\/2024\/01\/MEZ_3352-21-150x150.jpg 150w, https:\/\/holisticagroup.com.pl\/wp-content\/uploads\/2024\/01\/MEZ_3352-21-768x768.jpg 768w, https:\/\/holisticagroup.com.pl\/wp-content\/uploads\/2024\/01\/MEZ_3352-21-1536x1536.jpg 1536w, https:\/\/holisticagroup.com.pl\/wp-content\/uploads\/2024\/01\/MEZ_3352-21-2048x2048.jpg 2048w, https:\/\/holisticagroup.com.pl\/wp-content\/uploads\/2024\/01\/MEZ_3352-21-60x60.jpg 60w\" sizes=\"auto, (max-width: 1024px) 100vw, 1024px\" \/><\/figure>\n\n\n\n<p><\/p>\n\n\n\n<p>Specjalizujemy si\u0119 w zabiegach fototerapii tj. bezbolesnej i trwalej depilacji, fotoodm\u0142adzania, terapii tr\u0105dziku, redukcji przebarwie\u0144, zmarszczek, zamykania drobnych naczy\u0144 krwiono\u015bnych.<br><br>Dodatkowo proponujemy zabiegi depilacji woskiem, henny i regulacji brwi.<\/p>\n","protected":false},"excerpt":{"rendered":"<p>Depil Concept Tarn\u00f3w KONTAKT:577 458 525FBInstagram Specjalizujemy si\u0119 w zabiegach fototerapii tj. bezbolesnej i trwalej depilacji, fotoodm\u0142adzania, terapii tr\u0105dziku, redukcji przebarwie\u0144, zmarszczek, zamykania drobnych naczy\u0144 krwiono\u015bnych. Dodatkowo proponujemy zabiegi depilacji &hellip; <\/p>\n","protected":false},"author":2,"featured_media":0,"parent":0,"menu_order":0,"comment_status":"closed","ping_status":"closed","template":"","meta":{"footnotes":""},"class_list":["post-83","page","type-page","status-publish","hentry"],"_links":{"self":[{"href":"https:\/\/holisticagroup.com.pl\/index.php\/wp-json\/wp\/v2\/pages\/83","targetHints":{"allow":["GET"]}}],"collection":[{"href":"https:\/\/holisticagroup.com.pl\/index.php\/wp-json\/wp\/v2\/pages"}],"about":[{"href":"https:\/\/holisticagroup.com.pl\/index.php\/wp-json\/wp\/v2\/types\/page"}],"author":[{"embeddable":true,"href":"https:\/\/holisticagroup.com.pl\/index.php\/wp-json\/wp\/v2\/users\/2"}],"replies":[{"embeddable":true,"href":"https:\/\/holisticagroup.com.pl\/index.php\/wp-json\/wp\/v2\/comments?post=83"}],"version-history":[{"count":16,"href":"https:\/\/holisticagroup.com.pl\/index.php\/wp-json\/wp\/v2\/pages\/83\/revisions"}],"predecessor-version":[{"id":468,"href":"https:\/\/holisticagroup.com.pl\/index.php\/wp-json\/wp\/v2\/pages\/83\/revisions\/468"}],"wp:attachment":[{"href":"https:\/\/holisticagroup.com.pl\/index.php\/wp-json\/wp\/v2\/media?parent=83"}],"curies":[{"name":"wp","href":"https:\/\/api.w.org\/{rel}","templated":true}]}}