{"id":92,"date":"2024-01-31T19:53:55","date_gmt":"2024-01-31T18:53:55","guid":{"rendered":"https:\/\/holisticagroup.pl\/?page_id=92"},"modified":"2024-02-12T12:06:13","modified_gmt":"2024-02-12T11:06:13","slug":"gabinet-1a","status":"publish","type":"page","link":"https:\/\/holisticagroup.com.pl\/index.php\/gabinet-1a\/","title":{"rendered":"Gabinet 1A"},"content":{"rendered":"<div class=\"wp-block-image\">\n<figure class=\"aligncenter size-full\"><a href=\"https:\/\/www.instagram.com\/mr.s_medicine\"><img loading=\"lazy\" decoding=\"async\" width=\"400\" height=\"400\" src=\"https:\/\/holisticagroup.pl\/wp-content\/uploads\/2024\/02\/387416017_2753302264817630_5265431604429010756_n-2.jpg\" alt=\"\" class=\"wp-image-446\" srcset=\"https:\/\/holisticagroup.com.pl\/wp-content\/uploads\/2024\/02\/387416017_2753302264817630_5265431604429010756_n-2.jpg 400w, https:\/\/holisticagroup.com.pl\/wp-content\/uploads\/2024\/02\/387416017_2753302264817630_5265431604429010756_n-2-300x300.jpg 300w, https:\/\/holisticagroup.com.pl\/wp-content\/uploads\/2024\/02\/387416017_2753302264817630_5265431604429010756_n-2-150x150.jpg 150w, https:\/\/holisticagroup.com.pl\/wp-content\/uploads\/2024\/02\/387416017_2753302264817630_5265431604429010756_n-2-60x60.jpg 60w\" sizes=\"auto, (max-width: 400px) 100vw, 400px\" \/><\/a><\/figure>\n<\/div>\n\n\n<p class=\"has-background has-medium-font-size\" style=\"background-color:#e7a730e8\"><strong>MRS. MEDICINE EWELINA JANOWIEC<\/strong><\/p>\n\n\n\n<p class=\"has-background\" style=\"background-color:#e7a730e8\"><strong>KONTAKT:<br>692 800 770<\/strong><br><strong><a href=\"https:\/\/www.facebook.com\/profile.php?id=100086473419904\" data-type=\"link\" data-id=\"https:\/\/www.facebook.com\/profile.php?id=100086473419904\">FB<\/a><\/strong><br><strong><a href=\"https:\/\/www.instagram.com\/mr.s_medicine\" data-type=\"link\" data-id=\"https:\/\/www.instagram.com\/mr.s_medicine\">Instagram<\/a><\/strong><\/p>\n\n\n\n<p><\/p>\n\n\n\n<figure class=\"wp-block-image size-large\"><img loading=\"lazy\" decoding=\"async\" width=\"1024\" height=\"1024\" src=\"https:\/\/holisticagroup.pl\/wp-content\/uploads\/2024\/01\/unnamed-1-1024x1024.jpg\" alt=\"\" class=\"wp-image-126\" srcset=\"https:\/\/holisticagroup.com.pl\/wp-content\/uploads\/2024\/01\/unnamed-1-1024x1024.jpg 1024w, https:\/\/holisticagroup.com.pl\/wp-content\/uploads\/2024\/01\/unnamed-1-300x300.jpg 300w, https:\/\/holisticagroup.com.pl\/wp-content\/uploads\/2024\/01\/unnamed-1-150x150.jpg 150w, https:\/\/holisticagroup.com.pl\/wp-content\/uploads\/2024\/01\/unnamed-1-768x768.jpg 768w, https:\/\/holisticagroup.com.pl\/wp-content\/uploads\/2024\/01\/unnamed-1-60x60.jpg 60w, https:\/\/holisticagroup.com.pl\/wp-content\/uploads\/2024\/01\/unnamed-1.jpg 1342w\" sizes=\"auto, (max-width: 1024px) 100vw, 1024px\" \/><\/figure>\n\n\n\n<p><\/p>\n\n\n\n<p>Nazywam si\u0119 Ewelina.<br>W 2018 r. uzyska\u0142am tytu\u0142 mgr piel\u0119gniarstwa. W 2021 r. sko\u0144czy\u0142am specjalizacje <br>z piel\u0119gniarstwa chirurgii onkologicznej. Od zawsze jestem pasjonatk\u0105 medycyny estetycznej.<\/p>\n\n\n\n<p>Mam za sob\u0105 liczne lata praktyki jako piel\u0119gniarka, co sprawia, \u017ce jestem doskonale przygotowana do precyzyjnych zabieg\u00f3w iniekcyjnych, zar\u00f3wno na twarz jak i cia\u0142o.<\/p>\n\n\n\n<p>Dzi\u0119ki mojej obszernej wiedzy, precyzji i empatii, pacjenci w moim gabinecie czuj\u0105 si\u0119 komfortowo <br>i w pe\u0142ni zaufani w moich r\u0119kach. Ponadto stale poszerzam swoj\u0105 wiedz\u0119 i umiej\u0119tno\u015bci, uczestnicz\u0105c ci\u0105gle w najnowszych szkoleniach i zdobywaj\u0105c certyfikaty w zakresie nowoczesnych technik i trend\u00f3w <br>w medycynie estetycznej.<\/p>\n\n\n\n<p>Jest dla mnie priorytetem, aby zawsze oferowa\u0107 Pa\u0144stwu najwy\u017csz\u0105 jako\u015b\u0107 us\u0142ug.<\/p>\n\n\n\n<p>W swoim gabinecie medycyny estetycznej specjalizuje si\u0119 w r\u00f3\u017cnorodnych procedurach, takich jak: <br>&#8211; mikroig\u0142owe zabiegi mezoterapii na twarz i cia\u0142o<br>&#8211; stymulatory tkankowe<br>&#8211; osocze bogatop\u0142ytkowe<br>&#8211; lipoliza iniekcyjna<br>&#8211; mezoterapia sk\u00f3ry g\u0142owy<br>&#8211; powi\u0119kszanie ust<br>&#8211; kriolipoliza<br>&#8211; nowoczesna technika mikropigmetacji brodawki sutkowej<br><br>Zabiegi te pomog\u0105 poprawi\u0107 wygl\u0105d i samopoczucie ka\u017cdego pacjenta.<\/p>\n\n\n\n<p>Ka\u017cdy zabieg jest starannie dostosowany do indywidualnych potrzeb i cel\u00f3w estetycznych.<\/p>\n\n\n\n<p>Zapraszam do zapoznania si\u0119 z moimi us\u0142ugami i um\u00f3wienia si\u0119 na konsultacje, na kt\u00f3rej um\u00f3wi\u0119 kompleksowo proces zabiegowy dostosowany do Pa\u0144stwa potrzeb.<\/p>\n\n\n\n<p>M\u00f3j gabinet medycyny estetycznej to miejsce, w kt\u00f3rym zdrowie i pi\u0119kno id\u0105 w parze.<\/p>\n\n\n\n<p>Do zobaczenia w gabinecie.<\/p>\n","protected":false},"excerpt":{"rendered":"<p>MRS. MEDICINE EWELINA JANOWIEC KONTAKT:692 800 770FBInstagram Nazywam si\u0119 Ewelina.W 2018 r. uzyska\u0142am tytu\u0142 mgr piel\u0119gniarstwa. W 2021 r. sko\u0144czy\u0142am specjalizacje z piel\u0119gniarstwa chirurgii onkologicznej. Od zawsze jestem pasjonatk\u0105 medycyny &hellip; <\/p>\n","protected":false},"author":2,"featured_media":0,"parent":0,"menu_order":0,"comment_status":"closed","ping_status":"closed","template":"","meta":{"footnotes":""},"class_list":["post-92","page","type-page","status-publish","hentry"],"_links":{"self":[{"href":"https:\/\/holisticagroup.com.pl\/index.php\/wp-json\/wp\/v2\/pages\/92","targetHints":{"allow":["GET"]}}],"collection":[{"href":"https:\/\/holisticagroup.com.pl\/index.php\/wp-json\/wp\/v2\/pages"}],"about":[{"href":"https:\/\/holisticagroup.com.pl\/index.php\/wp-json\/wp\/v2\/types\/page"}],"author":[{"embeddable":true,"href":"https:\/\/holisticagroup.com.pl\/index.php\/wp-json\/wp\/v2\/users\/2"}],"replies":[{"embeddable":true,"href":"https:\/\/holisticagroup.com.pl\/index.php\/wp-json\/wp\/v2\/comments?post=92"}],"version-history":[{"count":32,"href":"https:\/\/holisticagroup.com.pl\/index.php\/wp-json\/wp\/v2\/pages\/92\/revisions"}],"predecessor-version":[{"id":450,"href":"https:\/\/holisticagroup.com.pl\/index.php\/wp-json\/wp\/v2\/pages\/92\/revisions\/450"}],"wp:attachment":[{"href":"https:\/\/holisticagroup.com.pl\/index.php\/wp-json\/wp\/v2\/media?parent=92"}],"curies":[{"name":"wp","href":"https:\/\/api.w.org\/{rel}","templated":true}]}}